{"id":11,"date":"2022-09-13T13:05:52","date_gmt":"2022-09-13T13:05:52","guid":{"rendered":"https:\/\/yuanshou.website\/?page_id=11"},"modified":"2025-10-03T16:19:44","modified_gmt":"2025-10-03T16:19:44","slug":"tui-na","status":"publish","type":"page","link":"https:\/\/yuanshou.website\/index.php\/tui-na\/","title":{"rendered":"Tui Na"},"content":{"rendered":"\n<h4>Qu&rsquo;est-ce que le Tui Na ?<\/h4>\n\n\n\n<h4 class=\"has-background\" style=\"background-color:#609d86\">Le terme \u00ab\u00a0Tui Na\u00a0\u00bb ( \u63a8 \u62ff ) se compose des mots chinois : <br>\u00ab tui \u00bb (pousser, appuyer) et \u00ab na \u00bb (saisir, tirer).<\/h4>\n\n\n\n<p>Le Tui Na fait partie des massages dits \u00e9nerg\u00e9tiques. Il vise \u00e0 r\u00e9\u00e9quilibrer et harmoniser l\u2019\u00e9nergie \u00e0 travers le corps de mani\u00e8re \u00e0 favoriser les processus naturels d\u2019autogu\u00e9rison de l\u2019organisme et soulager la douleur.<\/p>\n\n\n\n<p>L\u2019approche se veut m\u00e9thodique et structur\u00e9e. Les manipulations incluent plusieurs types de pressions, des enroulements, des mobilisations articulaires passives et des pincements.<\/p>\n\n\n\n<figure class=\"wp-container-2 wp-block-gallery-1 wp-block-gallery aligncenter has-nested-images columns-default is-cropped\">\n<figure class=\"wp-block-image size-full\"><img loading=\"lazy\" width=\"512\" height=\"378\" data-id=\"12\"  src=\"https:\/\/yuanshou.website\/wp-content\/uploads\/2022\/09\/cafaPetit.png\" alt=\"\" class=\"wp-image-12\" srcset=\"https:\/\/yuanshou.website\/wp-content\/uploads\/2022\/09\/cafaPetit.png 512w, https:\/\/yuanshou.website\/wp-content\/uploads\/2022\/09\/cafaPetit-300x221.png 300w\" sizes=\"(max-width: 512px) 100vw, 512px\" \/><figcaption><mark style=\"background-color:rgba(0, 0, 0, 0)\" class=\"has-inline-color has-foreground-color\">\u00ab\u00a0CaFa\u00a0\u00bb \u00a9Ma\u00eft\u00e9 Pacilly<\/mark><\/figcaption><\/figure>\n<\/figure>\n\n\n\n<p>Le Tui Na se base sur la th\u00e9orie des m\u00e9ridiens, ces canaux qui permettent le passage de l\u2019\u00e9nergie (Qi) au travers du corps.<\/p>\n\n\n\n<p>L\u2019id\u00e9e veut qu\u2019en appliquant les diff\u00e9rentes manipulations caract\u00e9ristiques du Tui Na le long des m\u00e9ridiens, il soit possible de stimuler des points \u00e9nerg\u00e9tiques et ainsi r\u00e9harmoniser la circulation du Qi et du sang. Ce faisant, l\u2019organisme serait en mesure de s\u2019autogu\u00e9rir plus facilement.<\/p>\n\n\n\n<p>Lors d\u2019une s\u00e9ance de Tui Na, ces points et les m\u00e9ridiens sont stimul\u00e9s de mani\u00e8re cibl\u00e9e pour \u00e9liminer le blocage et pour r\u00e9guler le flux du Qi.<\/p>\n\n\n\n<p>Le massage doit \u00e9galement harmoniser le rapport entre le Yin et le Yang, r\u00e9tablir l\u2019\u00e9quilibre vide\/pl\u00e9nitude dans l\u2019organisme.<\/p>\n\n\n\n<figure class=\"wp-block-image aligncenter size-full is-resized\"><img loading=\"lazy\" src=\"https:\/\/yuanshou.website\/wp-content\/uploads\/2022\/09\/anfaPetit.png\" alt=\"\" class=\"wp-image-13\" width=\"269\" height=\"401\" srcset=\"https:\/\/yuanshou.website\/wp-content\/uploads\/2022\/09\/anfaPetit.png 335w, https:\/\/yuanshou.website\/wp-content\/uploads\/2022\/09\/anfaPetit-201x300.png 201w\" sizes=\"(max-width: 269px) 100vw, 269px\" \/><figcaption><mark style=\"background-color:rgba(0, 0, 0, 0)\" class=\"has-inline-color has-foreground-color\">\u00ab\u00a0BaShenFa\u00a0\u00bb \u00a9Ma\u00eft\u00e9 Pacilly<\/mark><\/figcaption><\/figure>\n\n\n\n<figure class=\"wp-container-4 wp-block-gallery-3 wp-block-gallery has-nested-images columns-default is-cropped\">\n<figure class=\"wp-block-image size-large is-style-rounded\"><img loading=\"lazy\" width=\"512\" height=\"333\" data-id=\"14\"  src=\"https:\/\/yuanshou.website\/wp-content\/uploads\/2022\/09\/bashenfaPetit.png\" alt=\"\" class=\"wp-image-14\" srcset=\"https:\/\/yuanshou.website\/wp-content\/uploads\/2022\/09\/bashenfaPetit.png 512w, https:\/\/yuanshou.website\/wp-content\/uploads\/2022\/09\/bashenfaPetit-300x195.png 300w\" sizes=\"(max-width: 512px) 100vw, 512px\" \/><figcaption>\u00ab\u00a0BashenFa\u00a0\u00bb \u00a9Ma\u00eft\u00e9 Pacilly<\/figcaption><\/figure>\n\n\n\n<figure class=\"wp-block-image size-large is-style-rounded\"><img loading=\"lazy\" width=\"512\" height=\"378\" data-id=\"15\"  src=\"https:\/\/yuanshou.website\/wp-content\/uploads\/2022\/09\/nafaPetit.png\" alt=\"\" class=\"wp-image-15\" srcset=\"https:\/\/yuanshou.website\/wp-content\/uploads\/2022\/09\/nafaPetit.png 512w, https:\/\/yuanshou.website\/wp-content\/uploads\/2022\/09\/nafaPetit-300x221.png 300w\" sizes=\"(max-width: 512px) 100vw, 512px\" \/><figcaption>\u00ab\u00a0NaFa\u00a0\u00bb \u00a9Ma\u00eft\u00e9 Pacilly<\/figcaption><\/figure>\n\n\n\n<figure class=\"wp-block-image size-large is-style-rounded\"><img loading=\"lazy\" width=\"512\" height=\"378\" data-id=\"16\"  src=\"https:\/\/yuanshou.website\/wp-content\/uploads\/2022\/09\/cafaPetit-1.png\" alt=\"\" class=\"wp-image-16\" srcset=\"https:\/\/yuanshou.website\/wp-content\/uploads\/2022\/09\/cafaPetit-1.png 512w, https:\/\/yuanshou.website\/wp-content\/uploads\/2022\/09\/cafaPetit-1-300x221.png 300w\" sizes=\"(max-width: 512px) 100vw, 512px\" \/><figcaption>\u00ab\u00a0CaFa\u00a0\u00bb \u00a9Ma\u00eft\u00e9 Pacilly<\/figcaption><\/figure>\n\n\n\n<figure class=\"wp-block-image size-large is-style-rounded\"><img loading=\"lazy\" width=\"512\" height=\"348\" data-id=\"17\"  src=\"https:\/\/yuanshou.website\/wp-content\/uploads\/2022\/09\/shufaPetit.png\" alt=\"\" class=\"wp-image-17\" srcset=\"https:\/\/yuanshou.website\/wp-content\/uploads\/2022\/09\/shufaPetit.png 512w, https:\/\/yuanshou.website\/wp-content\/uploads\/2022\/09\/shufaPetit-300x204.png 300w\" sizes=\"(max-width: 512px) 100vw, 512px\" \/><figcaption>\u00ab\u00a0ShuFa\u00a0\u00bb \u00a9Ma\u00eft\u00e9 Pacilly<\/figcaption><\/figure>\n<\/figure>\n\n\n\n<div class=\"wp-container-7 wp-block-group alignfull has-foreground-color has-text-color has-background\" style=\"background-color:#609d86;padding-top:1.25rem;padding-right:1.25rem;padding-bottom:1.25rem;padding-left:1.25rem\">\n<div class=\"wp-container-6 wp-block-group alignfull\">\n<div class=\"wp-container-5 wp-block-group alignfull\"><\/div>\n<\/div>\n<\/div>\n","protected":false},"excerpt":{"rendered":"<p>Qu&rsquo;est-ce que le Tui Na ? Le terme \u00ab\u00a0Tui Na\u00a0\u00bb ( \u63a8 \u62ff ) se compose des mots chinois : \u00ab tui \u00bb (pousser, appuyer) et \u00ab na \u00bb (saisir, tirer). Le Tui Na fait partie des massages dits \u00e9nerg\u00e9tiques. Il vise \u00e0 r\u00e9\u00e9quilibrer et harmoniser l\u2019\u00e9nergie \u00e0 travers le corps de mani\u00e8re \u00e0 favoriser [&hellip;]<\/p>\n","protected":false},"author":1,"featured_media":0,"parent":0,"menu_order":0,"comment_status":"closed","ping_status":"closed","template":"","meta":{"om_disable_all_campaigns":false,"_monsterinsights_skip_tracking":false,"_monsterinsights_sitenote_active":false,"_monsterinsights_sitenote_note":"","_monsterinsights_sitenote_category":0},"aioseo_notices":[],"_links":{"self":[{"href":"https:\/\/yuanshou.website\/index.php\/wp-json\/wp\/v2\/pages\/11"}],"collection":[{"href":"https:\/\/yuanshou.website\/index.php\/wp-json\/wp\/v2\/pages"}],"about":[{"href":"https:\/\/yuanshou.website\/index.php\/wp-json\/wp\/v2\/types\/page"}],"author":[{"embeddable":true,"href":"https:\/\/yuanshou.website\/index.php\/wp-json\/wp\/v2\/users\/1"}],"replies":[{"embeddable":true,"href":"https:\/\/yuanshou.website\/index.php\/wp-json\/wp\/v2\/comments?post=11"}],"version-history":[{"count":9,"href":"https:\/\/yuanshou.website\/index.php\/wp-json\/wp\/v2\/pages\/11\/revisions"}],"predecessor-version":[{"id":112,"href":"https:\/\/yuanshou.website\/index.php\/wp-json\/wp\/v2\/pages\/11\/revisions\/112"}],"wp:attachment":[{"href":"https:\/\/yuanshou.website\/index.php\/wp-json\/wp\/v2\/media?parent=11"}],"curies":[{"name":"wp","href":"https:\/\/api.w.org\/{rel}","templated":true}]}}