{"id":3,"date":"2022-09-08T16:27:03","date_gmt":"2022-09-08T16:27:03","guid":{"rendered":"https:\/\/yuanshou.website\/?page_id=3"},"modified":"2025-10-03T16:10:30","modified_gmt":"2025-10-03T16:10:30","slug":"privacy-policy","status":"publish","type":"page","link":"https:\/\/yuanshou.website\/index.php\/privacy-policy\/","title":{"rendered":"A propos de Ma\u00eft\u00e9 Pacilly"},"content":{"rendered":"\n<h2 class=\"has-text-align-center\"><strong>Qi Gong<\/strong><\/h2>\n\n\n\n<p class=\"has-text-align-left\">Certifi\u00e9e par la FEQGAE, F\u00e9d\u00e9ration des Enseignants en Qi Gong et Arts Energ\u00e9tiques<\/p>\n\n\n\n<p class=\"has-text-align-left\">Cours collectifs hebdomadaires en Aveyron depuis 2012.<br><br><strong>SAISON 2025-2026<\/strong><br><br> &#8211; <strong>mardi 10h30<\/strong><br>Les Etablies\u00a0\u00bb 55, rte de Saint Roch &#8211; D\u00e9cazeville<br><br> &#8211; <strong>mardi 18h30<\/strong><br>Salle polyvalente, 11, av. du S\u00e9gala &#8211; Le Monast\u00e8re<br><br> &#8211; <strong>vendredi 9h30<\/strong><br>Lusine, Cit\u00e9 Beausoleil &#8211; Marcillac-Vallon<br><\/p>\n\n\n\n<h2 class=\"has-text-align-center\"><strong>Soins traditionnels chinois<\/strong><\/h2>\n\n\n\n<p>Form\u00e9e en TuiNa \u00e0 l&rsquo;Institut Xin&rsquo;An <br>Certifi\u00e9e du CFTMC (Centre de Formation aux techniques manuelles chinoises), <br>Dipl\u00f4m\u00e9e Institut LiangShen de Toulouse.<\/p>\n\n\n\n<p>Permanence le jeudi, Maison des Services Port d&rsquo;Agr\u00e8s &#8211; Saint Parthem<\/p>\n\n\n\n<h2 class=\"has-text-align-center has-large-font-size\"><strong>Renseignements\/Prise de RDV<\/strong><\/h2>\n\n\n\n<p class=\"has-text-align-center\">Ma\u00eft\u00e9 Pacilly  :  <strong>06 47 88 62 65<\/strong><br><a href=\"mailto:maitepacilly@gmail.com\">maitepacilly@gmail.com<\/a><\/p>\n","protected":false},"excerpt":{"rendered":"<p>Qi Gong Certifi\u00e9e par la FEQGAE, F\u00e9d\u00e9ration des Enseignants en Qi Gong et Arts Energ\u00e9tiques Cours collectifs hebdomadaires en Aveyron depuis 2012. SAISON 2025-2026 &#8211; mardi 10h30Les Etablies\u00a0\u00bb 55, rte de Saint Roch &#8211; D\u00e9cazeville &#8211; mardi 18h30Salle polyvalente, 11, av. du S\u00e9gala &#8211; Le Monast\u00e8re &#8211; vendredi 9h30Lusine, Cit\u00e9 Beausoleil &#8211; Marcillac-Vallon Soins traditionnels [&hellip;]<\/p>\n","protected":false},"author":1,"featured_media":0,"parent":0,"menu_order":0,"comment_status":"closed","ping_status":"open","template":"","meta":{"om_disable_all_campaigns":false,"_monsterinsights_skip_tracking":false,"_monsterinsights_sitenote_active":false,"_monsterinsights_sitenote_note":"","_monsterinsights_sitenote_category":0},"aioseo_notices":[],"_links":{"self":[{"href":"https:\/\/yuanshou.website\/index.php\/wp-json\/wp\/v2\/pages\/3"}],"collection":[{"href":"https:\/\/yuanshou.website\/index.php\/wp-json\/wp\/v2\/pages"}],"about":[{"href":"https:\/\/yuanshou.website\/index.php\/wp-json\/wp\/v2\/types\/page"}],"author":[{"embeddable":true,"href":"https:\/\/yuanshou.website\/index.php\/wp-json\/wp\/v2\/users\/1"}],"replies":[{"embeddable":true,"href":"https:\/\/yuanshou.website\/index.php\/wp-json\/wp\/v2\/comments?post=3"}],"version-history":[{"count":11,"href":"https:\/\/yuanshou.website\/index.php\/wp-json\/wp\/v2\/pages\/3\/revisions"}],"predecessor-version":[{"id":109,"href":"https:\/\/yuanshou.website\/index.php\/wp-json\/wp\/v2\/pages\/3\/revisions\/109"}],"wp:attachment":[{"href":"https:\/\/yuanshou.website\/index.php\/wp-json\/wp\/v2\/media?parent=3"}],"curies":[{"name":"wp","href":"https:\/\/api.w.org\/{rel}","templated":true}]}}